{"id":102,"date":"2015-09-24T10:11:42","date_gmt":"2015-09-24T08:11:42","guid":{"rendered":"http:\/\/www.berlin-zimmer-hz.de\/?page_id=102"},"modified":"2021-07-26T13:23:32","modified_gmt":"2021-07-26T11:23:32","slug":"anreise-reiseziele","status":"publish","type":"page","link":"https:\/\/www.berlin-zimmer-hz.de\/index.php\/anreise-reiseziele\/","title":{"rendered":"Anreise"},"content":{"rendered":"<p>Vom Flughafen BER Berlin-Brandenburg ca. 5 min mit Taxi (ca. 10 EUR)<\/p>\n<p><strong>Ihre Anreise per Kfz\u00a0aus Osten\/S\u00fcden\/Westen:<\/strong><\/p>\n<ul>\n<li>A2, A9, A13 =&gt; Berlin =&gt; A10 s\u00fcdlicher Berliner Ring<\/li>\n<li>bis Autobahnkreuz Sch\u00f6nefelder Kreuz (weiter A113 Richtung Berlin)<\/li>\n<li>A113 bis Abfahrt 6: Sch\u00f6nefeld-Nord<\/li>\n<li>am\u00a0Ende der Ausfahrt\u00a0(Ampel) rechts abbiegen (Altglienicker Chaussee)<\/li>\n<li>Altglienicker Chaussee weiter geradeaus (Sch\u00f6nefelder Chaussee)<\/li>\n<li>rechts abbiegen in den Gerosteig, Nr. 16 auf der rechten Seite<\/li>\n<\/ul>\n<p><strong>Ihre Anreise per Kfz\u00a0aus Norden:<\/strong><\/p>\n<ul>\n<li>Berlin =&gt; A100 =&gt;\u00a0A113 bis Abfahrt 6: Sch\u00f6nefeld-Nord<\/li>\n<li>am\u00a0Ende der Ausfahrt\u00a0(Ampel) links\u00a0abbiegen (Altglienicker Chaussee)<\/li>\n<li>Altglienicker Chaussee weiter geradeaus (Sch\u00f6nefelder Chaussee)<\/li>\n<li>rechts abbiegen in den Gerosteig, Nr. 16 auf der rechten Seite<\/li>\n<\/ul>\n<p><strong>Routenplaner:\u00a0<\/strong><a href=\"https:\/\/mapq.st\/1OTXAgm\" target=\"_blank\" rel=\"noopener noreferrer\">OpenStreetMap<\/a>\u00a0\/\u00a0<a href=\"https:\/\/www.google.de\/maps\/dir\/\/Gerosteig+16,+berlin\/@48.6618471,9.0036649,8z\" target=\"_blank\" rel=\"noopener noreferrer\">GoogleMaps<\/a>\u00a0\/\u00a0<a href=\"https:\/\/www.bing.com\/maps\/?v=2&amp;cp=52.409196~13.530499&amp;lvl=16&amp;sty=r&amp;rtp=adr.~pos.52.409196_13.530499_Gerosteig%2C%20Berlin___e_&amp;mode=D&amp;rtop=0~0~0~&amp;form=LMLTCC\" target=\"_blank\" rel=\"noopener noreferrer\">BingMaps<\/a><\/p>\n<p><strong>Mit \u00f6ffentlichen Nah-Verkehrsmitteln \u00d6NV (<a href=\"https:\/\/reiseauskunft.bahn.de\/bin\/query.exe\/dn?revia=yes&amp;existOptimizePrice=1&amp;country=DEU&amp;dbkanal_007=L01_S01_D001_KIN0001_qf-bahn_LZ003&amp;S=&amp;REQ0JourneyStopsSID=&amp;REQ0JourneyStopsS0A=7&amp;ignoreTypeCheck=yes&amp;Z=Berlin+-+Altglienicke%2C+Gerosteig+16&amp;REQ0JourneyStopsZID=A%3D2%40O%3DBerlin+-+Altglienicke%2C+Gerosteig+16%40X%3D13528378%40Y%3D52409538%40U%3D103%40L%3D980122525%40B%3D1%40p%3D1378873973%40&amp;REQ0JourneyStopsZ0A=7&amp;trip-type=single&amp;date=Do%2C+24.09.15&amp;time=09%3A36&amp;timesel=depart&amp;returnTimesel=depart&amp;optimize=0&amp;travelProfile=-1&amp;adult-number=1&amp;children-number=0&amp;infant-number=0&amp;tariffTravellerType.1=E&amp;tariffTravellerReductionClass.1=0&amp;tariffTravellerAge.1=&amp;qf-trav-bday-1=&amp;tariffTravellerReductionClass.2=0&amp;tariffTravellerReductionClass.3=0&amp;tariffTravellerReductionClass.4=0&amp;tariffTravellerReductionClass.5=0&amp;tariffClass=2&amp;start=1&amp;qf.bahn.button.suchen=\" target=\"_blank\" rel=\"noopener noreferrer\">Bahn<\/a>, <a href=\"https:\/\/fahrinfo.bvg.de\/Fahrinfo\/bin\/query.bin\/dn?pk_campaign=BVG.de_Eingabe&amp;from=&amp;REQ0JourneyStopsS0ID=&amp;REQ0JourneyStopsfromID=&amp;REQ0JourneyStopsSA1=7&amp;HWAI%3DJS%21js=yes&amp;HWAI%3DJS%21ajax=yes&amp;to=+12524+Berlin-Altglienicke%2C+Gerosteig+16&amp;REQ0JourneyStopsZ0ID=&amp;REQ0JourneyStopstoID=A%3D2%40O%3D12524+Berlin-Altglienicke%2C+Gerosteig+16%40X%3D13528576%40Y%3D52409511%40U%3D103%40L%3D7703095%40B%3D1%40p%3D1431509568%40&amp;REQ0JourneyStopsZA1=7&amp;date=24.09.2015&amp;time=9%3A48&amp;timesel=depart&amp;lang=de&amp;start=1\" target=\"_blank\" rel=\"noopener noreferrer\">BVG<\/a>):<\/strong><\/p>\n<ul>\n<li>mit der S-Bahn (S8, S9, S45, S46) bis &#8222;<strong>S Adlershof<\/strong>&#8222;<\/li>\n<li>BUS 164 =&gt; Haltestelle &#8222;Dankmarsteig&#8220; =&gt;\u00a07 min Fu\u00dfweg<\/li>\n<li>BUS 260 =&gt; Haltestelle &#8222;Anne-Frank-Str.&#8220; =&gt;\u00a06 min Fu\u00dfweg<\/li>\n<\/ul>\n<ul>\n<li>mit der U-Bahn (U7) bis &#8222;<strong>U Rudow<\/strong>&#8222;<\/li>\n<li>BUS 260 =&gt; Haltestelle &#8222;Anne-Frank-Str.&#8220;<\/li>\n<li>6 min Fu\u00dfweg<\/li>\n<\/ul>\n<ul>\n<li>mit der S-Bahn bis &#8222;<strong>S-Sch\u00f6nefeld<\/strong>&#8222;<\/li>\n<li>BUS 164 =&gt; Haltestelle &#8222;Dankmarsteig&#8220;<\/li>\n<li>7 min Fu\u00dfweg<\/li>\n<\/ul>\n<ul>\n<li><strong>Flughafen Berlin-Brandenburg (BER) \/ Fernbushaltestelle<\/strong><\/li>\n<li>BUS 164 =&gt; Haltestelle &#8222;Venusstr.&#8220;<\/li>\n<li>7 min Fu\u00dfweg<\/li>\n<\/ul>\n<p><strong>Routenplaner \u00d6NV:\u00a0<\/strong><a href=\"https:\/\/reiseauskunft.bahn.de\/bin\/query.exe\/dn?revia=yes&amp;existOptimizePrice=1&amp;country=DEU&amp;dbkanal_007=L01_S01_D001_KIN0001_qf-bahn_LZ003&amp;S=&amp;REQ0JourneyStopsSID=&amp;REQ0JourneyStopsS0A=7&amp;ignoreTypeCheck=yes&amp;Z=Berlin+-+Altglienicke%2C+Gerosteig+16&amp;REQ0JourneyStopsZID=A%3D2%40O%3DBerlin+-+Altglienicke%2C+Gerosteig+16%40X%3D13528378%40Y%3D52409538%40U%3D103%40L%3D980122525%40B%3D1%40p%3D1378873973%40&amp;REQ0JourneyStopsZ0A=7&amp;trip-type=single&amp;date=Do%2C+24.09.15&amp;time=09%3A36&amp;timesel=depart&amp;returnTimesel=depart&amp;optimize=0&amp;travelProfile=-1&amp;adult-number=1&amp;children-number=0&amp;infant-number=0&amp;tariffTravellerType.1=E&amp;tariffTravellerReductionClass.1=0&amp;tariffTravellerAge.1=&amp;qf-trav-bday-1=&amp;tariffTravellerReductionClass.2=0&amp;tariffTravellerReductionClass.3=0&amp;tariffTravellerReductionClass.4=0&amp;tariffTravellerReductionClass.5=0&amp;tariffClass=2&amp;start=1&amp;qf.bahn.button.suchen=\" target=\"_blank\" rel=\"noopener noreferrer\">Deutsche Bahn<\/a>\u00a0\/\u00a0<a href=\"https:\/\/fahrinfo.bvg.de\/Fahrinfo\/bin\/query.bin\/dn?pk_campaign=BVG.de_Eingabe&amp;from=&amp;REQ0JourneyStopsS0ID=&amp;REQ0JourneyStopsfromID=&amp;REQ0JourneyStopsSA1=7&amp;HWAI%3DJS%21js=yes&amp;HWAI%3DJS%21ajax=yes&amp;to=+12524+Berlin-Altglienicke%2C+Gerosteig+16&amp;REQ0JourneyStopsZ0ID=&amp;REQ0JourneyStopstoID=A%3D2%40O%3D12524+Berlin-Altglienicke%2C+Gerosteig+16%40X%3D13528576%40Y%3D52409511%40U%3D103%40L%3D7703095%40B%3D1%40p%3D1431509568%40&amp;REQ0JourneyStopsZA1=7&amp;date=24.09.2015&amp;time=9%3A48&amp;timesel=depart&amp;lang=de&amp;start=1\" target=\"_blank\" rel=\"noopener noreferrer\">BVG<\/a><\/p>\n<p><a href=\"https:\/\/www.berlin-zimmer-hz.de\/index.php\/buchungsanfrage\/\">=&gt; zur <strong>Buchungsanfrage<\/strong><\/a><\/p>\n<p><a href=\"https:\/\/www.berlin-zimmer-hz.de\/index.php\/zimmer-preise\/\">=&gt; zur <strong>Zimmer\u00fcbersicht<\/strong><\/a><br \/>\n<iframe loading=\"lazy\" style=\"border: 0;\" src=\"https:\/\/www.google.com\/maps\/embed?pb=!1m18!1m12!1m3!1d2433.848053177522!2d13.52851!3d52.40943!2m3!1f0!2f0!3f0!3m2!1i1024!2i768!4f13.1!3m3!1m2!1s0x47a8464e02c97333%3A0xc18832d5351152a1!2sGerosteig+16%2C+12524+Berlin!5e0!3m2!1sde!2sde!4v1442810407579\" width=\"400\" height=\"300\" frameborder=\"0\" allowfullscreen=\"allowfullscreen\"><\/iframe><\/p>\n","protected":false},"excerpt":{"rendered":"<p>Vom Flughafen BER Berlin-Brandenburg ca. 5 min mit Taxi (ca. 10 EUR) Ihre Anreise per Kfz\u00a0aus Osten\/S\u00fcden\/Westen: A2, A9, A13 =&gt; Berlin =&gt; A10 s\u00fcdlicher Berliner Ring bis Autobahnkreuz Sch\u00f6nefelder Kreuz (weiter A113 Richtung Berlin) A113 bis Abfahrt 6: Sch\u00f6nefeld-Nord am\u00a0Ende der Ausfahrt\u00a0(Ampel) rechts abbiegen (Altglienicker Chaussee) Altglienicker Chaussee weiter geradeaus (Sch\u00f6nefelder Chaussee) rechts abbiegen [&hellip;]<\/p>\n","protected":false},"author":1,"featured_media":0,"parent":0,"menu_order":0,"comment_status":"closed","ping_status":"closed","template":"","meta":{"footnotes":""},"class_list":["post-102","page","type-page","status-publish","hentry"],"_links":{"self":[{"href":"https:\/\/www.berlin-zimmer-hz.de\/index.php\/wp-json\/wp\/v2\/pages\/102","targetHints":{"allow":["GET"]}}],"collection":[{"href":"https:\/\/www.berlin-zimmer-hz.de\/index.php\/wp-json\/wp\/v2\/pages"}],"about":[{"href":"https:\/\/www.berlin-zimmer-hz.de\/index.php\/wp-json\/wp\/v2\/types\/page"}],"author":[{"embeddable":true,"href":"https:\/\/www.berlin-zimmer-hz.de\/index.php\/wp-json\/wp\/v2\/users\/1"}],"replies":[{"embeddable":true,"href":"https:\/\/www.berlin-zimmer-hz.de\/index.php\/wp-json\/wp\/v2\/comments?post=102"}],"version-history":[{"count":33,"href":"https:\/\/www.berlin-zimmer-hz.de\/index.php\/wp-json\/wp\/v2\/pages\/102\/revisions"}],"predecessor-version":[{"id":904,"href":"https:\/\/www.berlin-zimmer-hz.de\/index.php\/wp-json\/wp\/v2\/pages\/102\/revisions\/904"}],"wp:attachment":[{"href":"https:\/\/www.berlin-zimmer-hz.de\/index.php\/wp-json\/wp\/v2\/media?parent=102"}],"curies":[{"name":"wp","href":"https:\/\/api.w.org\/{rel}","templated":true}]}}