{"id":284,"date":"2015-09-24T12:56:51","date_gmt":"2015-09-24T10:56:51","guid":{"rendered":"http:\/\/www.berlin-zimmer-hz.de\/?page_id=284"},"modified":"2022-09-13T19:43:42","modified_gmt":"2022-09-13T17:43:42","slug":"buchungsanfrage","status":"publish","type":"page","link":"https:\/\/www.berlin-zimmer-hz.de\/index.php\/buchungsanfrage\/","title":{"rendered":"Buchungsanfrage \/ Preise"},"content":{"rendered":"<p>Ab vier N\u00e4chten am St\u00fcck kostet die \u00dcbernachtung 35,- EUR &#8230; k\u00fcrzer etwas mehr &#8230; bei Belegung eines Doppelzimmers allein mind. 65,- EUR (bitte direkt anfragen).<\/p>\n<p>Preise f\u00fcr Extra-Betten bitte anfragen. Vielen Dank.<\/p>\n<p>Alle Preise sind inklusive allem, auch der Umsatzsteuer, und gelten pro Person\/pro Nacht und bei Buchung direkt \u00fcber mich.<\/p>\n<p>E-Mail: <a href=\"mailto:info@berlin-zimmer-hz.de\" target=\"_blank\" rel=\"noopener noreferrer\">info@berlin-zimmer-hz.de<\/a><\/p>\n<p>Tel.-Mobil: +49 172 66 55 439<\/p>\n","protected":false},"excerpt":{"rendered":"<p>Ab vier N\u00e4chten am St\u00fcck kostet die \u00dcbernachtung 35,- EUR &#8230; k\u00fcrzer etwas mehr &#8230; bei Belegung eines Doppelzimmers allein mind. 65,- EUR (bitte direkt anfragen). Preise f\u00fcr Extra-Betten bitte anfragen. Vielen Dank. Alle Preise sind inklusive allem, auch der Umsatzsteuer, und gelten pro Person\/pro Nacht und bei Buchung direkt \u00fcber mich. E-Mail: info@berlin-zimmer-hz.de Tel.-Mobil: [&hellip;]<\/p>\n","protected":false},"author":1,"featured_media":0,"parent":0,"menu_order":0,"comment_status":"closed","ping_status":"closed","template":"","meta":{"footnotes":""},"class_list":["post-284","page","type-page","status-publish","hentry"],"_links":{"self":[{"href":"https:\/\/www.berlin-zimmer-hz.de\/index.php\/wp-json\/wp\/v2\/pages\/284","targetHints":{"allow":["GET"]}}],"collection":[{"href":"https:\/\/www.berlin-zimmer-hz.de\/index.php\/wp-json\/wp\/v2\/pages"}],"about":[{"href":"https:\/\/www.berlin-zimmer-hz.de\/index.php\/wp-json\/wp\/v2\/types\/page"}],"author":[{"embeddable":true,"href":"https:\/\/www.berlin-zimmer-hz.de\/index.php\/wp-json\/wp\/v2\/users\/1"}],"replies":[{"embeddable":true,"href":"https:\/\/www.berlin-zimmer-hz.de\/index.php\/wp-json\/wp\/v2\/comments?post=284"}],"version-history":[{"count":61,"href":"https:\/\/www.berlin-zimmer-hz.de\/index.php\/wp-json\/wp\/v2\/pages\/284\/revisions"}],"predecessor-version":[{"id":1129,"href":"https:\/\/www.berlin-zimmer-hz.de\/index.php\/wp-json\/wp\/v2\/pages\/284\/revisions\/1129"}],"wp:attachment":[{"href":"https:\/\/www.berlin-zimmer-hz.de\/index.php\/wp-json\/wp\/v2\/media?parent=284"}],"curies":[{"name":"wp","href":"https:\/\/api.w.org\/{rel}","templated":true}]}}