{"id":34,"date":"2015-09-20T20:53:21","date_gmt":"2015-09-20T18:53:21","guid":{"rendered":"http:\/\/www.berlin-zimmer-hz.de\/?page_id=34"},"modified":"2021-07-26T13:25:43","modified_gmt":"2021-07-26T11:25:43","slug":"kontakt","status":"publish","type":"page","link":"https:\/\/www.berlin-zimmer-hz.de\/index.php\/kontakt\/","title":{"rendered":"Kontakt\/Impressum"},"content":{"rendered":"<p>E-Mail: <a href=\"mailto:info@berlin-zimmer-hz.de\" target=\"_blank\" rel=\"noopener noreferrer\">info@berlin-zimmer-hz.de<\/a><\/p>\n<p><strong>Objektadresse:<\/strong><\/p>\n<p>Gerosteig 16<\/p>\n<p>12524 Berlin<\/p>\n<p><iframe loading=\"lazy\" style=\"border: 0;\" src=\"https:\/\/www.google.com\/maps\/embed?pb=!1m18!1m12!1m3!1d2433.848053177522!2d13.52851!3d52.40943!2m3!1f0!2f0!3f0!3m2!1i1024!2i768!4f13.1!3m3!1m2!1s0x47a8464e02c97333%3A0xc18832d5351152a1!2sGerosteig+16%2C+12524+Berlin!5e0!3m2!1sde!2sde!4v1442810407579\" width=\"400\" height=\"300\" frameborder=\"0\" allowfullscreen=\"allowfullscreen\"><\/iframe><\/p>\n<p><strong>Inhaber:<\/strong><\/p>\n<p>Hartmut Zappe<\/p>\n<p>SMS\/Signal: +49 (0)172 66 55 439<\/p>\n<p><strong>Registriernummer:<\/strong><\/p>\n<p>09\/Z\/AZ\/002883-21<\/p>\n<hr \/>\n<p><strong>Impressum<\/strong><\/p>\n<p><strong>Haftung f\u00fcr Inhalte<\/strong><\/p>\n<p>Als Diensteanbieter sind wir gem\u00e4\u00df \u00a7 7 Abs.1 TMG f\u00fcr<br \/>\neigene Inhalte auf diesen Seiten nach den allgemeinen Gesetzen verantwortlich.<br \/>\nNach \u00a7\u00a7 8 bis 10 TMG sind wir als Diensteanbieter jedoch nicht<br \/>\nverpflichtet, \u00fcbermittelte oder gespeicherte fremde Informationen zu<br \/>\n\u00fcberwachen oder nach Umst\u00e4nden zu forschen, die auf eine rechtswidrige<br \/>\nT\u00e4tigkeit hinweisen. Verpflichtungen zur Entfernung oder Sperrung der<br \/>\nNutzung von Informationen nach den allgemeinen Gesetzen bleiben hiervon<br \/>\nunber\u00fchrt. Eine diesbez\u00fcgliche Haftung ist jedoch erst ab dem<br \/>\nZeitpunkt der Kenntnis einer konkreten Rechtsverletzung m\u00f6glich. Bei<br \/>\nBekanntwerden von entsprechenden Rechtsverletzungen werden wir diese Inhalte<br \/>\numgehend entfernen.<\/p>\n<p><strong>Haftung f\u00fcr Links<\/strong><\/p>\n<p>Unser Angebot enth\u00e4lt Links zu externen Webseiten Dritter, auf deren<br \/>\nInhalte wir keinen Einfluss haben. Deshalb k\u00f6nnen wir f\u00fcr diese<br \/>\nfremden Inhalte auch keine Gew\u00e4hr \u00fcbernehmen. F\u00fcr die Inhalte<br \/>\nder verlinkten Seiten ist stets der jeweilige Anbieter oder Betreiber der<br \/>\nSeiten verantwortlich. Die verlinkten Seiten wurden zum Zeitpunkt der Verlinkung<br \/>\nauf m\u00f6gliche Rechtsverst\u00f6\u00dfe \u00fcberpr\u00fcft. Rechtswidrige<br \/>\nInhalte waren zum Zeitpunkt der Verlinkung nicht erkennbar. Eine permanente<br \/>\ninhaltliche Kontrolle der verlinkten Seiten ist jedoch ohne konkrete Anhaltspunkte<br \/>\neiner Rechtsverletzung nicht zumutbar. Bei Bekanntwerden von Rechtsverletzungen<br \/>\nwerden wir derartige Links umgehend entfernen.<\/p>\n<p><strong>Urheberrecht<\/strong><\/p>\n<p>Die durch die Seitenbetreiber erstellten Inhalte und Werke auf diesen Seiten<br \/>\nunterliegen dem deutschen Urheberrecht. Die Vervielf\u00e4ltigung, Bearbeitung, Verbreitung und<br \/>\njede Art der Verwertung au\u00dferhalb der Grenzen des Urheberrechtes bed\u00fcrfen<br \/>\nder schriftlichen Zustimmung des jeweiligen Autors bzw. Erstellers. Downloads<br \/>\nund Kopien dieser Seite sind nur f\u00fcr den privaten, nicht kommerziellen<br \/>\nGebrauch gestattet. Soweit die Inhalte auf dieser Seite nicht vom Betreiber erstellt wurden,<br \/>\nwerden die Urheberrechte Dritter beachtet. Insbesondere werden Inhalte Dritter als solche<br \/>\ngekennzeichnet. Sollten Sie trotzdem auf eine Urheberrechtsverletzung aufmerksam werden, bitten wir um einen entsprechenden Hinweis.<br \/>\nBei Bekanntwerden von Rechtsverletzungen werden wir derartige Inhalte umgehend entfernen.<\/p>\n<p><i>Quelle: <a href=\"https:\/\/www.e-recht24.de\/muster-disclaimer.html\" target=\"_blank\" rel=\"nofollow noopener noreferrer\">eRecht24<\/a><\/i><\/p>\n<p>Gestaltung Homepage \/ Administration der Domain \/ Redaktionell Verantwortlicher nach \u00a7 6 Abs.2 MDStV:<\/p>\n<p>Hartmut Zappe<br \/>\nGerosteig 16<br \/>\n12524 Berlin<\/p>\n<p>E-Mail: impressum-2018-06-14@berlin-zimmer-hz.de<\/p>\n<p>USt-ID: DE261232372<\/p>\n","protected":false},"excerpt":{"rendered":"<p>E-Mail: info@berlin-zimmer-hz.de Objektadresse: Gerosteig 16 12524 Berlin Inhaber: Hartmut Zappe SMS\/Signal: +49 (0)172 66 55 439 Registriernummer: 09\/Z\/AZ\/002883-21 Impressum Haftung f\u00fcr Inhalte Als Diensteanbieter sind wir gem\u00e4\u00df \u00a7 7 Abs.1 TMG f\u00fcr eigene Inhalte auf diesen Seiten nach den allgemeinen Gesetzen verantwortlich. Nach \u00a7\u00a7 8 bis 10 TMG sind wir als Diensteanbieter jedoch nicht verpflichtet, [&hellip;]<\/p>\n","protected":false},"author":1,"featured_media":0,"parent":0,"menu_order":0,"comment_status":"closed","ping_status":"closed","template":"","meta":{"footnotes":""},"class_list":["post-34","page","type-page","status-publish","hentry"],"_links":{"self":[{"href":"https:\/\/www.berlin-zimmer-hz.de\/index.php\/wp-json\/wp\/v2\/pages\/34","targetHints":{"allow":["GET"]}}],"collection":[{"href":"https:\/\/www.berlin-zimmer-hz.de\/index.php\/wp-json\/wp\/v2\/pages"}],"about":[{"href":"https:\/\/www.berlin-zimmer-hz.de\/index.php\/wp-json\/wp\/v2\/types\/page"}],"author":[{"embeddable":true,"href":"https:\/\/www.berlin-zimmer-hz.de\/index.php\/wp-json\/wp\/v2\/users\/1"}],"replies":[{"embeddable":true,"href":"https:\/\/www.berlin-zimmer-hz.de\/index.php\/wp-json\/wp\/v2\/comments?post=34"}],"version-history":[{"count":27,"href":"https:\/\/www.berlin-zimmer-hz.de\/index.php\/wp-json\/wp\/v2\/pages\/34\/revisions"}],"predecessor-version":[{"id":1073,"href":"https:\/\/www.berlin-zimmer-hz.de\/index.php\/wp-json\/wp\/v2\/pages\/34\/revisions\/1073"}],"wp:attachment":[{"href":"https:\/\/www.berlin-zimmer-hz.de\/index.php\/wp-json\/wp\/v2\/media?parent=34"}],"curies":[{"name":"wp","href":"https:\/\/api.w.org\/{rel}","templated":true}]}}