{"id":39,"date":"2015-09-20T21:17:58","date_gmt":"2015-09-20T19:17:58","guid":{"rendered":"http:\/\/www.berlin-zimmer-hz.de\/?page_id=39"},"modified":"2022-10-16T14:12:06","modified_gmt":"2022-10-16T12:12:06","slug":"etwas-geschichte","status":"publish","type":"page","link":"https:\/\/www.berlin-zimmer-hz.de\/index.php\/herzlich-willkommen\/etwas-geschichte\/","title":{"rendered":"Etwas Geschichte"},"content":{"rendered":"<p><strong>rund um den Gerosteig, Altglienicke und Berlin (aus Wikipedia)<\/strong><\/p>\n<p><a href=\"https:\/\/de.wikipedia.org\/wiki\/Spezial:Linkliste\/Liste_der_Stra\u00dfen_und_Pl\u00e4tze_in_Berlin-Altglienicke\" target=\"_blank\" rel=\"noopener\">Gerosteig<\/a>:<\/p>\n<ul>\n<li>benannt\u00a0nach\u00a0Gero\u00a0(um 900\u2013965), der erste und einzige Markgraf der S\u00e4chsischen Ostmark<\/li>\n<li>ist 490 Meter lang<\/li>\n<li>liegt in einer Siedlung, in der die Wege und Stra\u00dfen nach m\u00e4nnlichen Vornamen benannt wurden<\/li>\n<li>Die Wohnstra\u00dfe verl\u00e4uft von der Sch\u00f6nefelder Chaussee bis zur Ortolfstra\u00dfe. Sie erhielt 1942 den Namen\u00a0<i>Gerostra\u00dfe<\/i>, aber sowohl auf den Stra\u00dfenschildern als auch in amtlichen Dokumenten wurde Gerosteig verwendet, weshalb 1957 die amtliche Umbenennung stattfand<\/li>\n<\/ul>\n<p><a href=\"https:\/\/de.wikipedia.org\/wiki\/Spezial:Linkliste\/Berlin-Altglienicke\" target=\"_blank\" rel=\"noopener\">Berlin-Altglienicke<\/a>:<\/p>\n<ul>\n<li>Die historische Gemeinde Altglienicke des ausgehenden 19.\u00a0Jahrhunderts geht auf das Dorf\u00a0<i>Glinik<\/i>\u00a0(<i>glina<\/i>\u00a0=\u00a0slaw.\u00a0f\u00fcr \u201aLehm\u2018) aus dem 14.\u00a0Jahrhundert zur\u00fcck.<\/li>\n<li>Altglienicke ist gepr\u00e4gt von Grundst\u00fcckssiedlungen am Falkenberg und einem Neubaugebiet bei Falkenh\u00f6he in Richtung des\u00a0Flughafens Sch\u00f6nefeld. Altglienicke geh\u00f6rt zum \u00e4ltesten Siedlungsgebiet des\u00a0Bezirks Treptow-K\u00f6penick.<\/li>\n<li>Bev\u00f6lkerungsdichte: 3.431 Einwohner\/km\u00b2<\/li>\n<\/ul>\n<p><a href=\"https:\/\/de.wikipedia.org\/wiki\/Spezial:Linkliste\/Berlin\" target=\"_blank\" rel=\"noopener\">Berlin<\/a>:<\/p>\n<ul>\n<li>ist ein Land und zugleich die Bundeshauptstadt der Bundesrepublik Deutschland<\/li>\n<li>Sie ist mit \u00fcber 3,4 Millionen Einwohnern die bev\u00f6lkerungsreichste und mit 892 Quadratkilometern die fl\u00e4chengr\u00f6\u00dfte Gemeinde Deutschlands sowie nach Einwohnern die zweitgr\u00f6\u00dfte der Europ\u00e4ischen Union.<\/li>\n<li>Bev\u00f6lkerungsdichte: 3.887 Einw. je km\u00b2<\/li>\n<li>Der Name Berlin leitet sich vermutlich von dem slawischen Begriff <em>br\u2019lo<\/em> bzw. <em>berlo<\/em> mit der Bedeutung <em>Sumpf, Morast, feuchte Stelle<\/em>\u00a0oder <em>\u201atrockene Stelle in einem Feuchtgebiet\u2018<\/em> sowie dem in slawischen Ortsnamen h\u00e4ufigen Suffix <em>-in<\/em> ab. Daf\u00fcr spricht vor allem, dass der Name in Urkunden immer wieder mit Artikel auftaucht (\u201eder Berlin\u201c).<\/li>\n<li>Der Stadtname ist weder auf den angeblichen Gr\u00fcnder der Stadt, Albrecht den B\u00e4ren, gestorben bereits 1170, noch auf das Berliner Wappentier zur\u00fcckzuf\u00fchren. Hierbei handelt es sich um ein redendes Wappen, mit dem versucht wird, den Stadtnamen in deutscher Interpretation bildlich darzustellen (Berlin = \u201aB\u00e4r\u2018). Das Wappentier leitet sich demnach vom Stadtnamen ab, nicht umgekehrt.<\/li>\n<\/ul>\n<p><a href=\"https:\/\/www.berlin-zimmer-hz.de\/\">=&gt; zur\u00fcck zur <strong>Startseite<\/strong><\/a><\/p>\n","protected":false},"excerpt":{"rendered":"<p>rund um den Gerosteig, Altglienicke und Berlin (aus Wikipedia) Gerosteig: benannt\u00a0nach\u00a0Gero\u00a0(um 900\u2013965), der erste und einzige Markgraf der S\u00e4chsischen Ostmark ist 490 Meter lang liegt in einer Siedlung, in der die Wege und Stra\u00dfen nach m\u00e4nnlichen Vornamen benannt wurden Die Wohnstra\u00dfe verl\u00e4uft von der Sch\u00f6nefelder Chaussee bis zur Ortolfstra\u00dfe. Sie erhielt 1942 den Namen\u00a0Gerostra\u00dfe, aber [&hellip;]<\/p>\n","protected":false},"author":1,"featured_media":0,"parent":910,"menu_order":0,"comment_status":"closed","ping_status":"closed","template":"","meta":{"footnotes":""},"class_list":["post-39","page","type-page","status-publish","hentry"],"_links":{"self":[{"href":"https:\/\/www.berlin-zimmer-hz.de\/index.php\/wp-json\/wp\/v2\/pages\/39","targetHints":{"allow":["GET"]}}],"collection":[{"href":"https:\/\/www.berlin-zimmer-hz.de\/index.php\/wp-json\/wp\/v2\/pages"}],"about":[{"href":"https:\/\/www.berlin-zimmer-hz.de\/index.php\/wp-json\/wp\/v2\/types\/page"}],"author":[{"embeddable":true,"href":"https:\/\/www.berlin-zimmer-hz.de\/index.php\/wp-json\/wp\/v2\/users\/1"}],"replies":[{"embeddable":true,"href":"https:\/\/www.berlin-zimmer-hz.de\/index.php\/wp-json\/wp\/v2\/comments?post=39"}],"version-history":[{"count":9,"href":"https:\/\/www.berlin-zimmer-hz.de\/index.php\/wp-json\/wp\/v2\/pages\/39\/revisions"}],"predecessor-version":[{"id":1133,"href":"https:\/\/www.berlin-zimmer-hz.de\/index.php\/wp-json\/wp\/v2\/pages\/39\/revisions\/1133"}],"up":[{"embeddable":true,"href":"https:\/\/www.berlin-zimmer-hz.de\/index.php\/wp-json\/wp\/v2\/pages\/910"}],"wp:attachment":[{"href":"https:\/\/www.berlin-zimmer-hz.de\/index.php\/wp-json\/wp\/v2\/media?parent=39"}],"curies":[{"name":"wp","href":"https:\/\/api.w.org\/{rel}","templated":true}]}}