{"id":946,"date":"2021-06-13T12:04:56","date_gmt":"2021-06-13T10:04:56","guid":{"rendered":"https:\/\/www.berlin-zimmer-hz.de\/?page_id=946"},"modified":"2021-07-29T15:57:23","modified_gmt":"2021-07-29T13:57:23","slug":"chromecast-wie-funktioniert-das-bei-mir","status":"publish","type":"page","link":"https:\/\/www.berlin-zimmer-hz.de\/index.php\/chromecast-wie-funktioniert-das-bei-mir\/","title":{"rendered":"Chromecast &#8211; wie funktioniert das genau?"},"content":{"rendered":"\n<p>Vorbereitung: <\/p>\n\n\n\n<ul class=\"wp-block-list\"><li>Sie sind im Wifi eingeloggt (Code an der Garderobe neben der Haust\u00fcr)<\/li><li>Das TV-Ger\u00e4t ist eingeschaltet (mit der Fernbedienung), Sie sehen eine &#8222;Landschaft&#8220; o.\u00e4. (falls nicht, dann bitte \u00fcber die Signal-Eingangstaste der Fernbedienung den Eingang HDMI x suchen und probieren, wann ein Bild kommt)<\/li><li>Die &#8222;Landschaft&#8220; wird vom Chromecast-Stick erzeugt und zeigt an, dass er eingeschaltet ist und empfangsbereit ist<\/li><\/ul>\n\n\n\n<p>Smartphone:<br>Youtube: Wenn Sie im Wifi eingeloggt sind, dann sehen Sie in der App oben folgendes Smybol: <a href=\"https:\/\/www.berlin-zimmer-hz.de\/wp-content\/uploads\/2021\/06\/youtube-stream-symbol.png\" target=\"_blank\" rel=\"noreferrer noopener\"><img loading=\"lazy\" decoding=\"async\" width=\"150\" height=\"28\" class=\"wp-image-948\" style=\"width: 150px;\" src=\"https:\/\/www.berlin-zimmer-hz.de\/wp-content\/uploads\/2021\/06\/youtube-stream-symbol.png\" alt=\"\" srcset=\"https:\/\/www.berlin-zimmer-hz.de\/wp-content\/uploads\/2021\/06\/youtube-stream-symbol.png 1059w, https:\/\/www.berlin-zimmer-hz.de\/wp-content\/uploads\/2021\/06\/youtube-stream-symbol-300x55.png 300w, https:\/\/www.berlin-zimmer-hz.de\/wp-content\/uploads\/2021\/06\/youtube-stream-symbol-1024x189.png 1024w, https:\/\/www.berlin-zimmer-hz.de\/wp-content\/uploads\/2021\/06\/youtube-stream-symbol-768x141.png 768w, https:\/\/www.berlin-zimmer-hz.de\/wp-content\/uploads\/2021\/06\/youtube-stream-symbol-624x115.png 624w\" sizes=\"auto, (max-width: 150px) 100vw, 150px\" \/><\/a><\/p>\n\n\n\n<p><a rel=\"noreferrer noopener\" href=\"https:\/\/zattoo.com\" target=\"_blank\">Zattoo (deutsches TV)<\/a>: Wenn Sie im Wifi eingeloggt sind, dann sehen Sie in der App oben folgendes Smybol:<a href=\"https:\/\/www.berlin-zimmer-hz.de\/wp-content\/uploads\/2021\/06\/zattoo-stream-symbol.png\" target=\"_blank\" rel=\"noreferrer noopener\"><img loading=\"lazy\" decoding=\"async\" width=\"150\" height=\"24\" class=\"wp-image-949\" style=\"width: 150px;\" src=\"https:\/\/www.berlin-zimmer-hz.de\/wp-content\/uploads\/2021\/06\/zattoo-stream-symbol.png\" alt=\"\" srcset=\"https:\/\/www.berlin-zimmer-hz.de\/wp-content\/uploads\/2021\/06\/zattoo-stream-symbol.png 1080w, https:\/\/www.berlin-zimmer-hz.de\/wp-content\/uploads\/2021\/06\/zattoo-stream-symbol-300x47.png 300w, https:\/\/www.berlin-zimmer-hz.de\/wp-content\/uploads\/2021\/06\/zattoo-stream-symbol-1024x161.png 1024w, https:\/\/www.berlin-zimmer-hz.de\/wp-content\/uploads\/2021\/06\/zattoo-stream-symbol-768x121.png 768w, https:\/\/www.berlin-zimmer-hz.de\/wp-content\/uploads\/2021\/06\/zattoo-stream-symbol-624x98.png 624w\" sizes=\"auto, (max-width: 150px) 100vw, 150px\" \/><\/a><\/p>\n\n\n\n<p>Tippen Sie dieses Symbol an, dann w\u00e4hlen Sie Ihr Zimmer aus (Zimmer 1 &#8211; 3). Wenn Sie ein anderes Zimmer w\u00e4hlen, sehen Sie bei sich auf dem TV-Ger\u00e4t nichts (aber sie st\u00f6ren u.U. den Nachbarn).<\/p>\n\n\n\n<p>Zur Lautst\u00e4rkeregelung nutzen Sie bitte die Fernbedienung des TV-Ger\u00e4ts.<\/p>\n\n\n\n<p>Viel Vergn\u00fcgen beim Schauen!<\/p>\n\n\n\n<p>Zur Beendigung des Streams tippen Sie bitte wieder im Smartphone auf das Symbol und w\u00e4hlen &#8222;auf diesem Ger\u00e4t anzeigen&#8220; o.\u00e4. Wenn Sie dies nicht machen, dann streamt er die ganze Zeit, was den Akku (und das WLAN) belastet &#8230; <\/p>\n\n\n\n<p>Danach schalten Sie das TV-Ger\u00e4t mittels der Fernbedienung aus.<\/p>\n\n\n\n<p>Fertig! \ud83d\ude42<\/p>\n","protected":false},"excerpt":{"rendered":"<p>Vorbereitung: Sie sind im Wifi eingeloggt (Code an der Garderobe neben der Haust\u00fcr) Das TV-Ger\u00e4t ist eingeschaltet (mit der Fernbedienung), Sie sehen eine &#8222;Landschaft&#8220; o.\u00e4. (falls nicht, dann bitte \u00fcber die Signal-Eingangstaste der Fernbedienung den Eingang HDMI x suchen und probieren, wann ein Bild kommt) Die &#8222;Landschaft&#8220; wird vom Chromecast-Stick erzeugt und zeigt an, dass [&hellip;]<\/p>\n","protected":false},"author":1,"featured_media":0,"parent":0,"menu_order":0,"comment_status":"closed","ping_status":"closed","template":"","meta":{"footnotes":""},"class_list":["post-946","page","type-page","status-publish","hentry"],"_links":{"self":[{"href":"https:\/\/www.berlin-zimmer-hz.de\/index.php\/wp-json\/wp\/v2\/pages\/946","targetHints":{"allow":["GET"]}}],"collection":[{"href":"https:\/\/www.berlin-zimmer-hz.de\/index.php\/wp-json\/wp\/v2\/pages"}],"about":[{"href":"https:\/\/www.berlin-zimmer-hz.de\/index.php\/wp-json\/wp\/v2\/types\/page"}],"author":[{"embeddable":true,"href":"https:\/\/www.berlin-zimmer-hz.de\/index.php\/wp-json\/wp\/v2\/users\/1"}],"replies":[{"embeddable":true,"href":"https:\/\/www.berlin-zimmer-hz.de\/index.php\/wp-json\/wp\/v2\/comments?post=946"}],"version-history":[{"count":6,"href":"https:\/\/www.berlin-zimmer-hz.de\/index.php\/wp-json\/wp\/v2\/pages\/946\/revisions"}],"predecessor-version":[{"id":1093,"href":"https:\/\/www.berlin-zimmer-hz.de\/index.php\/wp-json\/wp\/v2\/pages\/946\/revisions\/1093"}],"wp:attachment":[{"href":"https:\/\/www.berlin-zimmer-hz.de\/index.php\/wp-json\/wp\/v2\/media?parent=946"}],"curies":[{"name":"wp","href":"https:\/\/api.w.org\/{rel}","templated":true}]}}